{"id":396,"date":"2025-01-08T13:50:02","date_gmt":"2025-01-08T13:50:02","guid":{"rendered":"https:\/\/e-mono.pl\/?page_id=396"},"modified":"2025-06-24T09:24:27","modified_gmt":"2025-06-24T09:24:27","slug":"export-offer","status":"publish","type":"page","link":"https:\/\/e-mono.pl\/en\/oferta\/oferta-eksportowa\/","title":{"rendered":"Export offer"},"content":{"rendered":"","protected":false},"excerpt":{"rendered":"","protected":false},"author":1,"featured_media":0,"parent":225,"menu_order":0,"comment_status":"closed","ping_status":"closed","template":"","meta":{"footnotes":""},"class_list":["post-396","page","type-page","status-publish","hentry"],"yoast_head":"<!-- This site is optimized with the Yoast SEO plugin v27.3 - https:\/\/yoast.com\/product\/yoast-seo-wordpress\/ -->\n<title>Oferta eksportowa - Mono Sp. z o.o.<\/title>\n<meta name=\"description\" content=\"Eksport stali nierdzewnej i aluminium w Europie. Wysoka jako\u015b\u0107, certyfikaty, us\u0142ugi serwisowe i transport \u2013 elastyczna wsp\u00f3\u0142praca z Mono.\" \/>\n<meta name=\"robots\" content=\"index, follow, max-snippet:-1, max-image-preview:large, max-video-preview:-1\" \/>\n<link rel=\"canonical\" href=\"https:\/\/e-mono.pl\/en\/offer\/export-offer\/\" \/>\n<meta property=\"og:locale\" content=\"en_GB\" \/>\n<meta property=\"og:type\" content=\"article\" \/>\n<meta property=\"og:title\" content=\"Oferta eksportowa - Mono Sp. z o.o.\" \/>\n<meta property=\"og:description\" content=\"Eksport stali nierdzewnej i aluminium w Europie. Wysoka jako\u015b\u0107, certyfikaty, us\u0142ugi serwisowe i transport \u2013 elastyczna wsp\u00f3\u0142praca z Mono.\" \/>\n<meta property=\"og:url\" content=\"https:\/\/e-mono.pl\/en\/offer\/export-offer\/\" \/>\n<meta property=\"og:site_name\" content=\"Mono Sp. z o.o.\" \/>\n<meta property=\"article:publisher\" content=\"https:\/\/www.facebook.com\/people\/Mono-Sp-z-o-o\/100064046940170\/\" \/>\n<meta property=\"article:modified_time\" content=\"2025-06-24T09:24:27+00:00\" \/>\n<meta name=\"twitter:card\" content=\"summary_large_image\" \/>\n<meta name=\"twitter:label1\" content=\"Estimated reading time\" \/>\n\t<meta name=\"twitter:data1\" content=\"4 minutes\" \/>\n<script type=\"application\/ld+json\" class=\"yoast-schema-graph\">{\"@context\":\"https:\\\/\\\/schema.org\",\"@graph\":[{\"@type\":\"WebPage\",\"@id\":\"https:\\\/\\\/e-mono.pl\\\/oferta\\\/oferta-eksportowa\\\/\",\"url\":\"https:\\\/\\\/e-mono.pl\\\/oferta\\\/oferta-eksportowa\\\/\",\"name\":\"Oferta eksportowa - Mono Sp. z o.o.\",\"isPartOf\":{\"@id\":\"https:\\\/\\\/e-mono.pl\\\/#website\"},\"datePublished\":\"2025-01-08T13:50:02+00:00\",\"dateModified\":\"2025-06-24T09:24:27+00:00\",\"description\":\"Eksport stali nierdzewnej i aluminium w Europie. Wysoka jako\u015b\u0107, certyfikaty, us\u0142ugi serwisowe i transport \u2013 elastyczna wsp\u00f3\u0142praca z Mono.\",\"breadcrumb\":{\"@id\":\"https:\\\/\\\/e-mono.pl\\\/oferta\\\/oferta-eksportowa\\\/#breadcrumb\"},\"inLanguage\":\"en-GB\",\"potentialAction\":[{\"@type\":\"ReadAction\",\"target\":[\"https:\\\/\\\/e-mono.pl\\\/oferta\\\/oferta-eksportowa\\\/\"]}]},{\"@type\":\"BreadcrumbList\",\"@id\":\"https:\\\/\\\/e-mono.pl\\\/oferta\\\/oferta-eksportowa\\\/#breadcrumb\",\"itemListElement\":[{\"@type\":\"ListItem\",\"position\":1,\"name\":\"Strona g\u0142\u00f3wna\",\"item\":\"https:\\\/\\\/e-mono.pl\\\/\"},{\"@type\":\"ListItem\",\"position\":2,\"name\":\"Oferta\",\"item\":\"https:\\\/\\\/e-mono.pl\\\/oferta\\\/\"},{\"@type\":\"ListItem\",\"position\":3,\"name\":\"Oferta eksportowa\"}]},{\"@type\":\"WebSite\",\"@id\":\"https:\\\/\\\/e-mono.pl\\\/#website\",\"url\":\"https:\\\/\\\/e-mono.pl\\\/\",\"name\":\"MONO - Stal nierdzewna i metale nie\u017celazne\",\"description\":\"Nasz\u0105 firm\u0119 tworzy grupa pasjonat\u00f3w z wieloletnim do\u015bwiadczeniem w bran\u017cy metali nie\u017celaznych i stali odpornych na korozj\u0119. Bazuj\u0105c na zdobytej wiedzy w tym segmencie rynku, d\u0105\u017cymy do optymalizacji koszt\u00f3w naszych klient\u00f3w poprzez szukanie optymalnych rozwi\u0105za\u0144 w procesach produkcyjnych. -Stal Nierdzewna \u2013 Aluminium \u2013 Metale Nie\u017celazne \u2013 Metale Kolorowe \u2013 Br\u0105z \u2013 Mosi\u0105dz \u2013 Mied\u017a \u2013 Tytancynk \u2013 Stal W\u0119glowa \u2013 Stal Czarna -Us\u0142ugi Serwisowe \u2013 Serwis \u2013 Konstrukcje Stalowe \u2013 Ci\u0119cie Laserem \u2013 Ci\u0119cie Wod\u0105 \u2013 Gi\u0119cie Blach -Blachy \u2013 Profile \u2013 K\u0105towniki \u2013 Pr\u0119ty \u2013 Rury \u2013 Wyroby Hutnicze \u2013 Hurtownia Stali \u2013 Tworzywa Sztuczne \u2013 Nierdzewka \u2013 Chromonikiel \u2013 1.4016 \u2013 1.4301 \u2013 1.4404 \u2013 Krak\u00f3w \u2013 Brzezie \u2013 Zabierz\u00f3w\",\"publisher\":{\"@id\":\"https:\\\/\\\/e-mono.pl\\\/#organization\"},\"potentialAction\":[{\"@type\":\"SearchAction\",\"target\":{\"@type\":\"EntryPoint\",\"urlTemplate\":\"https:\\\/\\\/e-mono.pl\\\/?s={search_term_string}\"},\"query-input\":{\"@type\":\"PropertyValueSpecification\",\"valueRequired\":true,\"valueName\":\"search_term_string\"}}],\"inLanguage\":\"en-GB\"},{\"@type\":\"Organization\",\"@id\":\"https:\\\/\\\/e-mono.pl\\\/#organization\",\"name\":\"Mono Sp. z o.o.\",\"url\":\"https:\\\/\\\/e-mono.pl\\\/\",\"logo\":{\"@type\":\"ImageObject\",\"inLanguage\":\"en-GB\",\"@id\":\"https:\\\/\\\/e-mono.pl\\\/#\\\/schema\\\/logo\\\/image\\\/\",\"url\":\"https:\\\/\\\/e-mono.pl\\\/wp-content\\\/uploads\\\/2023\\\/07\\\/logo-mono-big.png\",\"contentUrl\":\"https:\\\/\\\/e-mono.pl\\\/wp-content\\\/uploads\\\/2023\\\/07\\\/logo-mono-big.png\",\"width\":972,\"height\":277,\"caption\":\"Mono Sp. z o.o.\"},\"image\":{\"@id\":\"https:\\\/\\\/e-mono.pl\\\/#\\\/schema\\\/logo\\\/image\\\/\"},\"sameAs\":[\"https:\\\/\\\/www.facebook.com\\\/people\\\/Mono-Sp-z-o-o\\\/100064046940170\\\/\",\"https:\\\/\\\/www.instagram.com\\\/mono_sp_z_o_o\\\/\",\"https:\\\/\\\/www.tiktok.com\\\/@monospzoo\"]}]}<\/script>\n<!-- \/ Yoast SEO plugin. -->","yoast_head_json":{"title":"Export offer - Mono Sp. z o.o.","description":"Export of stainless steel and aluminium in Europe. High quality, certification, service and transport - flexible cooperation with Mono.","robots":{"index":"index","follow":"follow","max-snippet":"max-snippet:-1","max-image-preview":"max-image-preview:large","max-video-preview":"max-video-preview:-1"},"canonical":"https:\/\/e-mono.pl\/en\/offer\/export-offer\/","og_locale":"en_GB","og_type":"article","og_title":"Oferta eksportowa - Mono Sp. z o.o.","og_description":"Eksport stali nierdzewnej i aluminium w Europie. Wysoka jako\u015b\u0107, certyfikaty, us\u0142ugi serwisowe i transport \u2013 elastyczna wsp\u00f3\u0142praca z Mono.","og_url":"https:\/\/e-mono.pl\/en\/offer\/export-offer\/","og_site_name":"Mono Sp. z o.o.","article_publisher":"https:\/\/www.facebook.com\/people\/Mono-Sp-z-o-o\/100064046940170\/","article_modified_time":"2025-06-24T09:24:27+00:00","twitter_card":"summary_large_image","twitter_misc":{"Estimated reading time":"4 minutes"},"schema":{"@context":"https:\/\/schema.org","@graph":[{"@type":"WebPage","@id":"https:\/\/e-mono.pl\/oferta\/oferta-eksportowa\/","url":"https:\/\/e-mono.pl\/oferta\/oferta-eksportowa\/","name":"Export offer - Mono Sp. z o.o.","isPartOf":{"@id":"https:\/\/e-mono.pl\/#website"},"datePublished":"2025-01-08T13:50:02+00:00","dateModified":"2025-06-24T09:24:27+00:00","description":"Export of stainless steel and aluminium in Europe. High quality, certification, service and transport - flexible cooperation with Mono.","breadcrumb":{"@id":"https:\/\/e-mono.pl\/oferta\/oferta-eksportowa\/#breadcrumb"},"inLanguage":"en-GB","potentialAction":[{"@type":"ReadAction","target":["https:\/\/e-mono.pl\/oferta\/oferta-eksportowa\/"]}]},{"@type":"BreadcrumbList","@id":"https:\/\/e-mono.pl\/oferta\/oferta-eksportowa\/#breadcrumb","itemListElement":[{"@type":"ListItem","position":1,"name":"Strona g\u0142\u00f3wna","item":"https:\/\/e-mono.pl\/"},{"@type":"ListItem","position":2,"name":"Oferta","item":"https:\/\/e-mono.pl\/oferta\/"},{"@type":"ListItem","position":3,"name":"Oferta eksportowa"}]},{"@type":"WebSite","@id":"https:\/\/e-mono.pl\/#website","url":"https:\/\/e-mono.pl\/","name":"MONO - Stainless steel and non-ferrous metals","description":"Our company is made up of a group of enthusiasts with many years of experience in the non-ferrous metals and corrosion-resistant steel industry. Building on the knowledge gained in this market segment, we strive to optimise our clients' costs by seeking optimal solutions in production processes.\n- Stainless Steel \u2013 Aluminium \u2013 Non-Ferrous Metals \u2013 Colourful Metals \u2013 Bronze \u2013 Brass \u2013 Copper \u2013 Titanium Zinc \u2013 Carbon Steel \u2013 Black Steel\n- Service \u2013 Steel Structures \u2013 Laser Cutting \u2013 Waterjet Cutting \u2013 Sheet Metal Bending\n- Sheets \u2013 Profiles \u2013 Angles \u2013 Rods \u2013 Tubes \u2013 Rolled Products \u2013 Steel Wholesaler \u2013 Plastics \u2013 Stainless Steel \u2013 Chrome-Nickel \u2013 1.4016 \u2013 1.4301 \u2013 1.4404 \u2013 Krak\u00f3w \u2013 Brzezie \u2013 Zabierz\u00f3w","publisher":{"@id":"https:\/\/e-mono.pl\/#organization"},"potentialAction":[{"@type":"SearchAction","target":{"@type":"EntryPoint","urlTemplate":"https:\/\/e-mono.pl\/?s={search_term_string}"},"query-input":{"@type":"PropertyValueSpecification","valueRequired":true,"valueName":"search_term_string"}}],"inLanguage":"en-GB"},{"@type":"Organization","@id":"https:\/\/e-mono.pl\/#organization","name":"Mono Sp. z o.o.","url":"https:\/\/e-mono.pl\/","logo":{"@type":"ImageObject","inLanguage":"en-GB","@id":"https:\/\/e-mono.pl\/#\/schema\/logo\/image\/","url":"https:\/\/e-mono.pl\/wp-content\/uploads\/2023\/07\/logo-mono-big.png","contentUrl":"https:\/\/e-mono.pl\/wp-content\/uploads\/2023\/07\/logo-mono-big.png","width":972,"height":277,"caption":"Mono Sp. z o.o."},"image":{"@id":"https:\/\/e-mono.pl\/#\/schema\/logo\/image\/"},"sameAs":["https:\/\/www.facebook.com\/people\/Mono-Sp-z-o-o\/100064046940170\/","https:\/\/www.instagram.com\/mono_sp_z_o_o\/","https:\/\/www.tiktok.com\/@monospzoo"]}]}},"_links":{"self":[{"href":"https:\/\/e-mono.pl\/en\/wp-json\/wp\/v2\/pages\/396","targetHints":{"allow":["GET"]}}],"collection":[{"href":"https:\/\/e-mono.pl\/en\/wp-json\/wp\/v2\/pages"}],"about":[{"href":"https:\/\/e-mono.pl\/en\/wp-json\/wp\/v2\/types\/page"}],"author":[{"embeddable":true,"href":"https:\/\/e-mono.pl\/en\/wp-json\/wp\/v2\/users\/1"}],"replies":[{"embeddable":true,"href":"https:\/\/e-mono.pl\/en\/wp-json\/wp\/v2\/comments?post=396"}],"version-history":[{"count":1,"href":"https:\/\/e-mono.pl\/en\/wp-json\/wp\/v2\/pages\/396\/revisions"}],"predecessor-version":[{"id":397,"href":"https:\/\/e-mono.pl\/en\/wp-json\/wp\/v2\/pages\/396\/revisions\/397"}],"up":[{"embeddable":true,"href":"https:\/\/e-mono.pl\/en\/wp-json\/wp\/v2\/pages\/225"}],"wp:attachment":[{"href":"https:\/\/e-mono.pl\/en\/wp-json\/wp\/v2\/media?parent=396"}],"curies":[{"name":"wp","href":"https:\/\/api.w.org\/{rel}","templated":true}]}}